{"id":29,"date":"2019-04-11T09:20:14","date_gmt":"2019-04-11T09:20:14","guid":{"rendered":"https:\/\/wasserstoff-energy.ch\/?page_id=29"},"modified":"2019-06-07T13:53:48","modified_gmt":"2019-06-07T13:53:48","slug":"materialis","status":"publish","type":"page","link":"https:\/\/wasserstoff-energy.ch\/","title":{"rendered":"Front Page"},"content":{"rendered":"<div  id=\"overlappable-8\" style=\"background-color: #f5fafd;\" data-label=\"Overlappable\" data-id=\"overlappable-5-materialis\" data-export-id=\"overlappable-5-materialis\" data-category=\"overlappable\" class=\"overlappable-5-materialis content-section content-section-spacing-large\" data-overlap=\"true\"><div  class=\"gridContainer\"> <div  data-type=\"row\" class=\"row spaced-cols \"><div  class=\"col-xs-12 col-sm-6 col-md-4 \"> <div  class=\"card mdc-elevation--z3 row-card\"><div  class=\"row\"> <div  class=\"col-xs-12 col-sm-fit icon-col\" data-fixed=\"true\"><i  class=\"color1 icon mdi mdi-responsive reverse round big\"><\/i><\/div> <div  class=\"col-xs-12 col-sm\" data-type=\"column\"><h4  class=\"color-black\">Energietr\u00e4ger <\/h4> <p  class=\"\">Wasserstoff ist in der Lage erneuerbare Energiequellen verf\u00fcgbar zu machen. <\/p><\/div> <\/div><\/div> <\/div> <div  class=\"col-xs-12 col-sm-6 col-md-4 \"> <div  class=\"card mdc-elevation--z3 row-card\"> <div  class=\"row\"> <div  class=\"col-xs-12 col-sm-fit icon-col\" data-fixed=\"true\"> <i  class=\"color1 icon mdi mdi-vector-square reverse round big\"><\/i><\/div> <div  class=\"col-xs-12 col-sm\" data-type=\"column\"><h4  class=\"color-black\">Treibstoff <\/h4> <p  class=\"\">Wasserstoff ist der nachhaltige Treiber von Fahrzeugen.<\/p><\/div> <\/div><\/div> <\/div> <div  class=\"col-xs-12 col-sm-6 col-md-4 \"> <div  class=\"card mdc-elevation--z3 row-card\"> <div  class=\"row\"> <div  class=\"col-xs-12 col-sm-fit icon-col\" data-fixed=\"true\"> <i  class=\"color1 icon mdi mdi-arrange-bring-forward reverse round big\"><\/i><\/div> <div  class=\"col-xs-12 col-sm\" data-type=\"column\"><h4  class=\"color-black\">Batterieersatz<\/h4> <p  class=\"\">Wasserstoff ist der leistungsf\u00e4higer Batterieersatz in elektrischen Ger\u00e4ten. <\/p><\/div> <\/div><\/div> <\/div><\/div> <\/div><\/div><div  id=\"about-6\" style=\"background-color: #f5fafd;\" data-label=\"About\" data-id=\"about-4\" data-export-id=\"about-4\" data-category=\"about\" class=\"about-4 content-section content-section-spacing-large\"><div  class=\"gridContainer\"> <div  class=\"row middle-sm text-center\"><div  class=\"col-sm-5 space-bottom-xs\" data-type=\"column\"> <h5  class=\"\">Wo braucht es Wasserstoff? <\/h5> <h2  class=\"\">Wasserstoff im Einsatz<br ><span  style=\"font-family: Playfair Display,sans-serif; font-weight: 700; font-style: italic;\" href=\"#\"><\/span><\/h2> <p  class=\"\">Ob als Treibstoff im Verkehr oder als Energielieferant zur Strom- und W\u00e4rmeerzeugung: Wasserstoff erm\u00f6glicht den Einsatz als erneuerbarer Energietr\u00e4ger in vielen Bereichen<\/p> <a  class=\"button big color1 mdc-ripple-upgraded\" href=\"#\" target=\"_blank\" data-cp-link=\"1\">Anwendungsbereiche <\/a><\/div> <div  class=\"col-sm-7 flexbox center-xs middle-xs image-group-2-img padding-top-bottom\"> <img decoding=\"async\"  class=\"img-1 rounded mdc-elevation--z10\" data-size=\"250x200\" src=\"https:\/\/wasserstoff-energy.ch\/wp-content\/uploads\/2019\/04\/cropped-shutterstock_306877607-1.jpg\"> <img decoding=\"async\"  class=\"img-2 rounded mdc-elevation--z10\" data-size=\"220x170\" src=\"https:\/\/wasserstoff-energy.ch\/wp-content\/uploads\/2019\/04\/cropped-H2-Mobility-Hydrogen-Inside-1.jpg\"><\/div> <\/div><\/div> <\/div><div  id=\"features-2\" style=\"background-color: #ffffff;\" data-label=\"Features\" data-id=\"features-10-materialis\" data-export-id=\"features-10-materialis\" data-category=\"features\" class=\"features-10m content-section-spacing-large content-section\"><div  class=\"gridContainer\"> <div  class=\"row\"><div  class=\"section-title-col\" data-type=\"column\"> <h2  class=\"\">Vorteile <\/h2> <p  class=\"\">Die Vorteile von Wasserstoff auf einen Blick <\/p><\/div> <\/div> <div  class=\"row \"> <div  class=\"col-xs-12 col-md-10 col-md-offset-1\"> <div  class=\"row space-top spaced-cols content-center-sm\" data-type=\"row\" data-max-items=\"4\"> <div  class=\"col-xs-10 col-md-4 col-sm-6 col-sm-offset-0 col-xs-offset-1\"> <div  class=\"card no-radius mdc-elevation--z1 y-move bg-color-white padding-24 bordered\" data-type=\"column\"> <i  class=\"mdi icon color1 mdi-nature-people reverse round big\"><\/i> <h6  class=\"\">Nachhaltig<\/h6><\/div> <\/div> <div  class=\"col-xs-10 col-md-4 col-sm-6 col-sm-offset-0 col-xs-offset-1\"> <div  class=\"card no-radius mdc-elevation--z1 y-move bg-color-white padding-24 bordered\" data-type=\"column\"> <i  class=\"mdi icon color1 mdi-flash-outline reverse round big\"><\/i> <h6  class=\"\">Hoher Energiegehalt <\/h6><\/div> <\/div> <div  class=\"col-xs-10 col-md-4 col-sm-6 col-sm-offset-0 col-xs-offset-1\"> <div  class=\"card no-radius mdc-elevation--z1 y-move bg-color-white padding-24 bordered\" data-type=\"column\"> <i  class=\"mdi icon color1 mdi-heart-outline reverse round big\"><\/i> <h6  class=\"\">Unbegrenzt verf\u00fcgbar<\/h6><\/div> <\/div>   <\/div> <\/div><\/div> <\/div><\/div><div  id=\"content-24\" style=\"background-color: #f5fafd;\" data-label=\"Content\" data-id=\"content-7-materialis\" data-export-id=\"content-7-materialis\" data-category=\"content\" class=\"content-7m content-section-spacing-large content-section\"><div  class=\"gridContainer\"> <div  class=\"row middle-sm\"><div  class=\"col-md-6 col-xs-12 col-sm-6 col-padding-small-xs\"> <img decoding=\"async\"  class=\"mdc-elevation--z13 img-rounded\" src=\"https:\/\/wasserstoff-energy.ch\/wp-content\/plugins\/materialis-companion\/theme-data\/materialis\/sections\/images\/image-6.jpg\"><\/div> <div  class=\"col-md-5 col-md-offset-1 col-xs-12 col-sm-6 content-left-sm col-padding-small-xs\" data-type=\"column\"><h6  class=\"upper\">Our story<\/h6> <h3  class=\"space-bottom\">Innovation braucht K\u00f6pfe<\/h3> <p  class=\"space-top\">Von der Idee bis zur Umsetzung. Wer steckt eigentlich hinter energy4me? <\/p> <a  href=\"#\" class=\"button read-more link color1 space-top negative-margin mdc-ripple-upgraded\" target=\"_self\" data-cp-link=\"1\">Mehr <i  class=\"mdi mdi-arrow-right-thick read-more-icon\"><\/i><\/a><\/div> <\/div><\/div> <\/div><div  id=\"portfolio-2\" style=\"background-color: #f5fafd;\" data-label=\"Portfolio\" data-id=\"portfolio-1-materialis\" data-export-id=\"portfolio-1-materialis\" data-category=\"portfolio\" class=\"portfolio-1m content-section\"><div > <div  class=\"row text-center\" data-type=\"row\" data-fixed=\"true\"><div  class=\"col-md-4 col-sm-6 col-xs-12 no-gutter-col\"> <div  class=\"contentswap-effect contentswap-overlay\" data-hover-fx=\"portfolio-1\" style=\"float: none; margin: 0px; width: 100%;\"><div  class=\"initial-image\" style=\"float: none; margin: 0px;\"> <img decoding=\"async\"  data-size=\"600x354\" src=\"https:\/\/wasserstoff-energy.ch\/wp-content\/plugins\/materialis-companion\/theme-data\/materialis\/sections\/images\/image-1.png\"><\/div> <div  class=\"overlay bg-color-black\" style=\"display: block; transition: opacity 800ms ease 0s; -webkit-transition-timing-function: ease; -moz-transition-timing-function: ease; -o-transition-timing-function: ease; transition-timing-function: ease;\"><\/div> <div  class=\"swap-inner col-xs-12\" style=\"display: block; transition: all 800ms ease 0s; background-color: rgba(0, 0, 0, 0); margin-top: 0px;\"> <div  class=\"row full-height-row middle-xs\"> <div  class=\"col-xs-12 text-center white-text\"> <h4  class=\"font-500\">Project Name<\/h4> <a  class=\"button color-white mdc-ripple-upgraded\" href=\"#\">View project<\/a><\/div> <\/div><\/div> <\/div><\/div> <div  class=\"col-md-4 col-sm-6 col-xs-12 no-gutter-col\"><div  class=\"contentswap-effect contentswap-overlay\" data-hover-fx=\"portfolio-1\" style=\"float: none; margin: 0px; width: 100%;\"> <div  class=\"initial-image\" style=\"float: none; margin: 0px;\"> <img decoding=\"async\"  data-size=\"600x354\" src=\"https:\/\/wasserstoff-energy.ch\/wp-content\/plugins\/materialis-companion\/theme-data\/materialis\/sections\/images\/image-2.png\"><\/div> <div  class=\"overlay bg-color-black\" style=\"display: block; transition: opacity 800ms ease 0s; -webkit-transition-timing-function: ease; -moz-transition-timing-function: ease; -o-transition-timing-function: ease; transition-timing-function: ease;\"><\/div> <div  class=\"swap-inner col-xs-12\" style=\"display: block; transition: all 800ms ease 0s; background-color: rgba(0, 0, 0, 0); margin-top: 0px;\"> <div  class=\"row full-height-row middle-xs\"> <div  class=\"col-xs-12 text-center white-text\"> <h4  class=\"font-500\">Project Name<\/h4> <a  class=\"button color-white mdc-ripple-upgraded\" href=\"#\">View project<\/a><\/div> <\/div><\/div> <\/div><\/div> <div  class=\"col-md-4 col-sm-6 col-xs-12 no-gutter-col\"><div  class=\"contentswap-effect contentswap-overlay\" data-hover-fx=\"portfolio-1\" style=\"float: none; margin: 0px; width: 100%;\"> <div  class=\"initial-image\" style=\"float: none; margin: 0px;\"> <img decoding=\"async\"  data-size=\"600x354\" src=\"https:\/\/wasserstoff-energy.ch\/wp-content\/plugins\/materialis-companion\/theme-data\/materialis\/sections\/images\/image-3.png\"><\/div> <div  class=\"overlay bg-color-black\" style=\"display: block; transition: opacity 800ms ease 0s; -webkit-transition-timing-function: ease; -moz-transition-timing-function: ease; -o-transition-timing-function: ease; transition-timing-function: ease;\"><\/div> <div  class=\"swap-inner col-xs-12\" style=\"display: block; transition: all 800ms ease 0s; background-color: rgba(0, 0, 0, 0); margin-top: 0px;\"> <div  class=\"row full-height-row middle-xs\"> <div  class=\"col-xs-12 text-center white-text\"> <h4  class=\"font-500\">Project Name<\/h4> <a  class=\"button color-white mdc-ripple-upgraded\" href=\"#\">View project<\/a><\/div> <\/div><\/div> <\/div><\/div>       <\/div><\/div> <\/div><div  id=\"testimonials-2\" style=\"background-color: #ffffff;\" data-label=\"Testimonials\" data-id=\"testimonials-1-materialis\" data-export-id=\"testimonials-1-materialis\" data-category=\"testimonials\" class=\"testimonials-1m content-section content-section-spacing\"><div  class=\"gridContainer\"> <div  class=\"row space-bottom-small\"><div  data-type=\"column\" class=\"section-title-col\"> <h2  class=\"\">Testimonials <\/h2> <p  class=\"lead\">Das sagen unsere Kunden:<\/p><\/div> <\/div> <div  class=\"row spaced-cols content-left-sm\" data-type=\"row\"> <div  class=\"col-xs-12 col-sm-4 col-md-4\"> <div  class=\"card mdc-elevation--z3 small-padding no-border\"> <div  class=\"row space-bottom-small\"> <div  class=\"testimonial-body col-xs-12\" data-type=\"column\"> <p  class=\"\">\u201eDank energy4me profitiere ich von einer nachhaltigen Energieerzeugung. Durch die Photovoltaikanlage kombiniert mit der W\u00e4rmepumpe und dem Energiespeicher habe ich in eine nachhaltige Zukunft investiert.\u201c<\/p><\/div> <\/div> <div  class=\"row middle-xs f-align\"> <div  class=\"col-xs-fit col-sm-12 col-md-fit space-bottom-image\" data-fixed=\"true\"> <img decoding=\"async\"  data-fixed-elevation=\"true\" class=\"round image-70 mdc-elevation--z3\" src=\"https:\/\/wasserstoff-energy.ch\/wp-content\/uploads\/2019\/06\/cropped-Webseiten-Bild-Referenzen.jpg\"><\/div> <div  class=\"col-xs-fit col-sm-12 col-md-fit info no-padding-left\" data-type=\"column\"><h6  class=\"font-700\">Yves Kessler <\/h6> <p  class=\"small font-300\">aus Herzogenbbuchsee <\/p><\/div> <\/div><\/div> <\/div> <div  class=\"col-xs-12 col-sm-4 col-md-4\"> <div  class=\"card mdc-elevation--z3 small-padding no-border\"> <div  class=\"row space-bottom-small\"> <div  class=\"testimonial-body col-xs-12\" data-type=\"column\"> <p  class=\"\">\u201eKompetente Beartung, schnelle Ausf\u00fchrung und einwandfreier Betrieb. Wir sind mit der Umsetzung des Projektes sehr zufrieden.\u201c&nbsp; <\/p><\/div> <\/div> <div  class=\"row middle-xs f-align\"> <div  class=\"col-xs-fit col-sm-12 col-md-fit space-bottom-image\" data-fixed=\"true\"> <img decoding=\"async\"  data-fixed-elevation=\"true\" class=\"round image-70 mdc-elevation--z3\" src=\"https:\/\/wasserstoff-energy.ch\/wp-content\/uploads\/2019\/06\/cropped-20171024_162052.jpg\"><\/div> <div  class=\"col-xs-fit col-sm-12 col-md-fit info no-padding-left\" data-type=\"column\"><h6  class=\"font-700\">Daniel Fl\u00fcckiger <\/h6> <p  class=\"small font-300\">von der Firma Kummli &amp; Fl\u00fcko AG<\/p><\/div> <\/div><\/div> <\/div> <div  class=\"col-xs-12 col-sm-4 col-md-4\"> <div  class=\"card mdc-elevation--z3 small-padding no-border\"> <div  class=\"row space-bottom-small\"> <div  class=\"testimonial-body col-xs-12\" data-type=\"column\"> <p  class=\"\">\u201eEs wurde sehr professionnell gearbeitet, alles zur besten Zufriedenheit. Vielen Dank!\u201c<\/p><\/div> <\/div> <div  class=\"row middle-xs f-align\"> <div  class=\"col-xs-fit col-sm-12 col-md-fit space-bottom-image\" data-fixed=\"true\"> <img decoding=\"async\"  data-fixed-elevation=\"true\" class=\"round image-70 mdc-elevation--z3\" src=\"https:\/\/wasserstoff-energy.ch\/wp-content\/uploads\/2019\/06\/cropped-IMG-20131219-WA0007.jpg\"><\/div> <div  class=\"col-xs-fit col-sm-12 col-md-fit info no-padding-left\" data-type=\"column\"><h6  class=\"font-700\">Jens Burgenst\u00e4dter<\/h6> <p  class=\"small font-300\">aus Herzogenbuchsee<\/p><\/div> <\/div><\/div> <\/div><\/div> <\/div><\/div><div  id=\"cta-1\" style=\"background-color: #f5fafd;\" data-label=\"Cta\" data-id=\"cta-1-materialis\" data-export-id=\"cta-1-materialis\" data-category=\"cta\" class=\"content-relative content-section content-section-spacing-large cta-1-materialis section-title-col-white-text\" data-section-ov=\"1\" data-parallax-depth=\"20\"><div  class=\"gridContainer\"> <div  class=\"row text-center col-sm-padding-medium\"><div  class=\"col-md-6 col-md-offset-3 col-xs-10 col-xs-offset-1 card mdc-elevation--z3 box-padding-lr-small\"> <div  data-type=\"column\" class=\"\"><h2  class=\"\">Downloads<\/h2> <p  class=\"\">Dattenblatter und Factsheet stehen als Download bereit.<\/p> <a  class=\"button big color1 mdc-elevation--z1 mdc-ripple-upgraded\">START NOW<\/a><\/div> <\/div><\/div> <\/div><\/div><div  id=\"team-7\" style=\"background-color: #ffffff;\" data-label=\"Team\" data-id=\"team-8-materialis\" data-export-id=\"team-8-materialis\" data-category=\"team\" class=\"team-8m content-section content-section-spacing-large\"><div  class=\"gridContainer\"> <div  class=\"row space-bottom\"><div  class=\"section-title-col\" data-type=\"column\"> <h2  class=\"\">Wir sind<\/h2> <p  class=\"lead\">Ein kleines Team mit grosser Leidenschaft.<\/p><\/div> <\/div> <div  class=\"row spaced-cols content-left-sm\" data-type=\"row\" data-max-items=\"4\"> <div  class=\"col-xs-12 col-sm-12 col-md-6\"> <div  class=\"row\"> <div  class=\"col-xs-12 col-sm-6 col-md-6\"> <div  class=\"card mdc-elevation--z3 no-radius image-holder\" data-fixed=\"true\"> <img decoding=\"async\"  class=\"face no-margin-bottom\" src=\"https:\/\/wasserstoff-energy.ch\/wp-content\/uploads\/2019\/06\/cropped-Markus_schwarz_weiss.jpg\"><\/div> <\/div> <div  class=\"col-xs-12 col-sm-6 col-md-6 right-col\"> <div  data-type=\"column\" class=\"description-container use-section-text-color\"> <h4  class=\"no-margin-bottom\">Markus Diener <\/h4> <p  class=\"font-300\">CEO <\/p> <p  class=\"\">\u201eMit der Kraft von Wasserstoff gestalten wir eine nachhaltige Zukunft, f\u00fcr uns und unsere Nachkommen.\u201c<\/p> <div  class=\"social-icons-group col-no-padding\" data-type=\"group\"> <a  href=\"#\"><i  class=\"mdi mdi-facebook social-icon\"><\/i><\/a> <a  href=\"#\"><i  class=\"mdi mdi-twitter social-icon\"><\/i><\/a> <a  href=\"#\"><i  class=\"mdi mdi-instagram social-icon\"><\/i><\/a> <a  href=\"#\"><i  class=\"mdi mdi-rss social-icon\"><\/i><\/a><\/div> <\/div><\/div> <\/div><\/div> <div  class=\"col-xs-12 col-sm-12 col-md-6\"><div  class=\"row\"> <div  class=\"col-xs-12 col-sm-6 col-md-6\"><div  class=\"card mdc-elevation--z3 no-radius image-holder\" data-fixed=\"true\"> <img decoding=\"async\"  class=\"face no-margin-bottom\" src=\"https:\/\/wasserstoff-energy.ch\/wp-content\/uploads\/2019\/04\/cropped-Daenu_schwarz_weiss.jpg\"><\/div> <\/div> <div  class=\"col-xs-12 col-sm-6 col-md-6 right-col\"> <div  data-type=\"column\" class=\"description-container use-section-text-color\"> <h4  class=\"no-margin-bottom\">Daniel Wyttenbach <\/h4> <p  class=\"font-300\">Projektleiter <\/p> <p  class=\"\">\u201eViele Menschen wissen nicht wie viel Kraft Wasserstoff besitzt. Damit k\u00f6nnen wir Berge versetzen.\u201c<\/p> <div  class=\"social-icons-group col-no-padding\" data-type=\"group\"> <a  href=\"#\"><i  class=\"mdi mdi-facebook social-icon\"><\/i><\/a> <a  href=\"#\"><i  class=\"mdi mdi-twitter social-icon\"><\/i><\/a> <a  href=\"#\"><i  class=\"mdi mdi-instagram social-icon\"><\/i><\/a> <a  href=\"#\"><i  class=\"mdi mdi-rss social-icon\"><\/i><\/a><\/div> <\/div><\/div> <\/div><\/div> <div  class=\"col-xs-12 col-sm-12 col-md-6\"><div  class=\"row\"> <div  class=\"col-xs-12 col-sm-6 col-md-6\"><div  class=\"card mdc-elevation--z3 no-radius image-holder\" data-fixed=\"true\"> <img decoding=\"async\"  class=\"face no-margin-bottom\" src=\"https:\/\/wasserstoff-energy.ch\/wp-content\/uploads\/2019\/04\/cropped-Kim_schwarz_weiss.jpg\"><\/div> <\/div> <div  class=\"col-xs-12 col-sm-6 col-md-6 right-col\"> <div  data-type=\"column\" class=\"description-container use-section-text-color\"> <h4  class=\"no-margin-bottom\">Kimberly W\u00fcthrich <\/h4> <p  class=\"font-300\">Marketing\/Kommunikationsmanagerin<\/p> <p  class=\"\">\u201eEin nachhaltiger Lebensraum basiert auf nat\u00fcrlichen Ressourcen, Wasserstoff ist eine davon.\u201c<\/p> <div  class=\"social-icons-group col-no-padding\" data-type=\"group\"> <a  href=\"#\"><i  class=\"mdi mdi-facebook social-icon\"><\/i><\/a> <a  href=\"#\"><i  class=\"mdi mdi-twitter social-icon\"><\/i><\/a> <a  href=\"#\"><i  class=\"mdi mdi-instagram social-icon\"><\/i><\/a> <a  href=\"#\"><i  class=\"mdi mdi-rss social-icon\"><\/i><\/a><\/div> <\/div><\/div> <\/div><\/div> <div  class=\"col-xs-12 col-sm-12 col-md-6\"><div  class=\"row\"> <div  class=\"col-xs-12 col-sm-6 col-md-6\"><div  class=\"card mdc-elevation--z3 no-radius image-holder\" data-fixed=\"true\"> <img decoding=\"async\"  class=\"face no-margin-bottom\" src=\"https:\/\/wasserstoff-energy.ch\/wp-content\/uploads\/2019\/04\/cropped-Pius-schwarz-weiss-Foto.jpg\"><\/div> <\/div> <div  class=\"col-xs-12 col-sm-6 col-md-6 right-col\"> <div  data-type=\"column\" class=\"description-container use-section-text-color\"> <h4  class=\"no-margin-bottom\">Pius B\u00f6sch <\/h4> <p  class=\"font-300\">Elektriker <\/p> <p  class=\"\">\u201eWasserstoff ist unsere innovative Zukunft. Damit sollten wir unsere Autos in Fahrt halten.\u201c<\/p> <div  class=\"social-icons-group col-no-padding\" data-type=\"group\"> <a  href=\"#\"><i  class=\"mdi mdi-facebook social-icon\"><\/i><\/a> <a  href=\"#\"><i  class=\"mdi mdi-twitter social-icon\"><\/i><\/a> <a  href=\"#\"><i  class=\"mdi mdi-instagram social-icon\"><\/i><\/a> <a  href=\"#\"><i  class=\"mdi mdi-rss social-icon\"><\/i><\/a><\/div> <\/div><\/div> <\/div><\/div> <\/div><\/div> <\/div><div  id=\"latest-news-1\" style=\"background-color: #f5fafd;\" data-label=\"Latest-news\" data-id=\"latest-news-1-materialis\" data-export-id=\"latest-news-1-materialis\" data-category=\"latest_news\" class=\"latest-news-1-materialis content-section content-section-spacing-large\"><div  class=\"gridContainer\"> <div  class=\"row\"><div  data-type=\"column\" class=\"section-title-col\"> <h2  class=\"\">News<\/h2> <p  class=\"lead\">Lorem ipsum dolor sit amet, consectetur adipisicing elit, sed do eiusmod tempor incididunt ut labore et dolore magna aliqua. Ut enim ad minim veniam, quis nostrud exercitation ullamco laboris nisi ut aliquip ex ea commodo consequat.<\/p><\/div> <\/div> <div  class=\"row content-left-sm\"> <div  data-type=\"row\" data-dynamic-columns=\"handled\" data-content-shortcode=\"materialis_latest_news\" data-max-items=\"4\">\t\t<div class=\"row materialis-latest-news\">\n\t\t\t\t\t<div id=\"post-1\" class=\"col-sm-6 col-md-4 space-bottom space-bottom-xs\">\n\t\t\t\t\t<div class=\"post-content no-padding  mdc-card overflow-hidden mdc-elevation--z2 latest-news-layout-cards\">\n\t\t\t\t\t<div class=\"\">\n\t\t\t\t    <div class=\"post-thumbnail\">\n        <a href=\"https:\/\/wasserstoff-energy.ch\/?p=1\" class=\"post-list-item-thumb \">\n                    <svg class=\"materialis-post-list-item-thumb-placeholder\" width=\"890\" height=\"580\" viewBox=\"0 0 890 580\" preserveAspectRatio=\"none\">\n            <rect width=\"890\" height=\"580\" style=\"fill:#228ae6;\"><\/rect>\n        <\/svg>\n                <\/a>\n    <\/div>\n    \t\t\t<\/div>\n\t\t\n\t\t<div class=\"post-content-body col-padding  \">\n\t\t\t\t\t\t\t<div class=\"space-bottom-small\">\n\t\t\t\t\t<a href=\"https:\/\/wasserstoff-energy.ch\/?cat=1\"  class=\"button color5 link \">Uncategorized<\/a>\t\t\t\t<\/div>\n\t\t\t\n\t\t\t<h4 class=\"latest-news-item-title\">\n\t\t\t\t<a href=\"https:\/\/wasserstoff-energy.ch\/?p=1\" rel=\"bookmark\">\n\t\t\t\t\tHello world!\t\t\t\t<\/a>\n\t\t\t<\/h4>\n\n\t\t\t\n\t\t\t<div class=\"latest-news-item-excerpt\">\n\t\t\t\t<p>Welcome to WordPress. This is your first post. Edit or delete it, then start writing!<\/p>\n\t\t\t<\/div>\n\n\n\t\t<\/div>\n\t\t\t\t\t\t\t<div class=\"mdc-card__actions box-padding-lr-small text-dark\">\n\t\t\t\t<div class=\"mdc-card__action-icons col-xs-12 text-dark col-sm-fit no-padding-left\">\n\t\t\t\t\t\t<a class=\"post-footer-link\" href=\"https:\/\/wasserstoff-energy.ch\/?p=1\">\n\t\t<i class=\"mdi small mdi-comment-outline mdc-card__action mdc-card__action--icon color-darkgray\" title=\"Comments\"><\/i>\n\t\t<span class=\"post-footer-value\">1<\/span>\n\t<\/a>\n\t<a class=\"post-footer-link\" href=\"https:\/\/wasserstoff-energy.ch\/?p=1\">\n\t\t<i class=\"mdi small mdi-clock mdc-card__action mdc-card__action--icon color-darkgray\" title=\"Post Time\"><\/i>\n\t\t<span class=\"post-footer-value\">April 11, 2019<\/span>\n\t<\/a>\n\t\t\t\t\t<\/div>\n\t\t\t\t<div class=\"mdc-card__action-buttons col-xs-12 col-sm-fit no-padding\">\n\t\t\t\t\t<a href=\"https:\/\/wasserstoff-energy.ch\/?p=1\" class=\"button color2 link\">Weiterlesen<\/a>\n\t\t\t\t<\/div>\n\t\t\t<\/div>\n\t\t\t<\/div>\n\t\t\t\t<\/div>\n\t\t\t\t<\/div>\n\t<\/div><\/div> <div  class=\"row\"><div  class=\"col-xs-12 text-center\"> <a  class=\"button big color1 mdc-elevation--z3 mdc-ripple-upgraded\" data-attr-shortcode=\"href:materialis_blog_link\" href=\"https:\/\/wasserstoff-energy.ch\/?post_type=post\">VISIT OUR BLOG<\/a><\/div> <\/div><\/div><\/div><div  id=\"contact-1\" data-label=\"Contact\" data-id=\"contact-1\" data-export-id=\"contact-1\" data-category=\"contact\" class=\"contact-1 content-section content-section-spacing-large content-relative white-text\" data-parallax-depth=\"20\"><div  class=\"gridContainer\"> <div  class=\"row text-center\"><div  class=\"section-title-col\" data-type=\"column\"> <h2  class=\"\">Kontaktiere uns<\/h2> <p  class=\"lead\">Erfahre mehr \u00fcber die M\u00f6glichkeiten und Einsatzgebiete von Wasserstoff <\/p><\/div> <\/div> <div  class=\"row text-center\"> <div  class=\"col-xs-12 col-sm-8 col-sm-offset-2 contact-form-wrapper inline-info\"> <div  class=\"card mdc-elevation--z3 col-padding-top\"> <div  class=\"dark-text\" data-content-shortcode=\"materialis_contact_form\" data-editable=\"true\"><p style=\"text-align:center;color:#ababab\">Contact form will be displayed here. To activate it you have to set the \"contact form shortcode\" parameter in Customizer.<\/p><\/div><\/div> <\/div><\/div> <\/div><\/div>","protected":false},"excerpt":{"rendered":"","protected":false},"author":1,"featured_media":0,"parent":0,"menu_order":0,"comment_status":"closed","ping_status":"closed","template":"page-templates\/homepage.php","meta":{"_exactmetrics_skip_tracking":false,"_exactmetrics_sitenote_active":false,"_exactmetrics_sitenote_note":"","_exactmetrics_sitenote_category":0,"_monsterinsights_skip_tracking":false,"_monsterinsights_sitenote_active":false,"_monsterinsights_sitenote_note":"","_monsterinsights_sitenote_category":0,"ngg_post_thumbnail":0,"footnotes":""},"class_list":["post-29","page","type-page","status-publish","hentry"],"aioseo_notices":[],"_links":{"self":[{"href":"https:\/\/wasserstoff-energy.ch\/index.php?rest_route=\/wp\/v2\/pages\/29","targetHints":{"allow":["GET"]}}],"collection":[{"href":"https:\/\/wasserstoff-energy.ch\/index.php?rest_route=\/wp\/v2\/pages"}],"about":[{"href":"https:\/\/wasserstoff-energy.ch\/index.php?rest_route=\/wp\/v2\/types\/page"}],"author":[{"embeddable":true,"href":"https:\/\/wasserstoff-energy.ch\/index.php?rest_route=\/wp\/v2\/users\/1"}],"replies":[{"embeddable":true,"href":"https:\/\/wasserstoff-energy.ch\/index.php?rest_route=%2Fwp%2Fv2%2Fcomments&post=29"}],"version-history":[{"count":4,"href":"https:\/\/wasserstoff-energy.ch\/index.php?rest_route=\/wp\/v2\/pages\/29\/revisions"}],"predecessor-version":[{"id":64,"href":"https:\/\/wasserstoff-energy.ch\/index.php?rest_route=\/wp\/v2\/pages\/29\/revisions\/64"}],"wp:attachment":[{"href":"https:\/\/wasserstoff-energy.ch\/index.php?rest_route=%2Fwp%2Fv2%2Fmedia&parent=29"}],"curies":[{"name":"wp","href":"https:\/\/api.w.org\/{rel}","templated":true}]}}